{"id":703,"date":"2022-06-16T10:58:50","date_gmt":"2022-06-16T08:58:50","guid":{"rendered":"https:\/\/consciousbusiness.com\/lidmaatschap\/"},"modified":"2023-09-07T10:24:34","modified_gmt":"2023-09-07T08:24:34","slug":"mitgliedschaft","status":"publish","type":"page","link":"https:\/\/consciousbusiness.com\/de\/mitgliedschaft\/","title":{"rendered":"Mitgliedschaft"},"content":{"rendered":"\n<div class=\"wp-block-columns is-layout-flex wp-container-core-columns-is-layout-9d6595d7 wp-block-columns-is-layout-flex\">\n<div class=\"wp-block-column is-layout-flow wp-block-column-is-layout-flow\" style=\"flex-basis:66.66%\">\n<h1 class=\"wp-block-heading\">Mitgliedschaft<\/h1>\n\n\n\n<p><\/p>\n\n\n\n<p>Unser Mitgliedschaftsmodell basiert auf den vier Ebenen des Zuh\u00f6rens (Otto Scharmer, Theorie U):<\/p>\n\n\n\n<p>1. <strong>Downloading:<\/strong> Zuh\u00f6ren auf Basis dessen was du wei\u00dft und wiedererkennst. Dies ist das Level der Einf\u00fchrung, in dem du entdeckst wo dein Unternehmen auf dem Spektrum von <em>Conscious <\/em>Business steht. Du erh\u00e4lst Informationen, um das Thema weiter zu erforschen.<\/p>\n\n\n\n<p>2. <strong>Faktisch:<\/strong> Zuh\u00f6ren mit offenen Geist. Auf diesem Level bieten wir Informationen und Werkzeuge, die dir aufzeigen, wo f\u00fcr dich die besten M\u00f6glichkeiten liegen, als Organisation zu wachsen. Wir unters\u00fctzen dich darin, einen Plan f\u00fcr den Wandel hin zu einem Conscious Business zu entwickeln.<\/p>\n\n\n\n<p>3. <strong>Empathisch:<\/strong> Zuh\u00f6ren &amp; handeln mit offenem Herzen. Deine Organisation hat sich fest dazu entschlossen, ein Conscious Business zu werden und beginnt die Magie der 4 Pfeiler zu entdecken. Hier beginnt die tiefere Arbeit, wie die Stakeholder Inklusionsprozesse, Elemente der Organisationskultur und Leadership.<\/p>\n\n\n\n<p><\/p>\n<\/div>\n\n\n\n<div class=\"wp-block-column is-layout-flow wp-block-column-is-layout-flow\" style=\"flex-basis:33.33%\"><\/div>\n<\/div>\n\n\n<div class=\"cbmo-memberships-overview\" inline-template data-current=\"0\">  <memberships-overview \/><\/div>\n\n\n\n<div class=\"wp-block-buttons is-layout-flex wp-block-buttons-is-layout-flex\">\n<div class=\"wp-block-button hidden-desktop\"><a class=\"wp-block-button__link wp-element-button\" href=\"https:\/\/scan.consciousbusiness.com\/product-category\/memberships\/\">Mitgliedschaften anzeigen<\/a><\/div>\n<\/div>\n","protected":false},"excerpt":{"rendered":"<p>Mitgliedschaft Unser Mitgliedschaftsmodell basiert auf den vier Ebenen des Zuh\u00f6rens (Otto Scharmer, Theorie U): 1. Downloading: Zuh\u00f6ren auf Basis dessen was du wei\u00dft und wiedererkennst. Dies ist das Level der Einf\u00fchrung, in dem du entdeckst wo dein Unternehmen auf dem Spektrum von Conscious Business steht. Du erh\u00e4lst Informationen, um das Thema weiter zu erforschen. 2.<\/p>\n","protected":false},"author":1,"featured_media":0,"parent":0,"menu_order":0,"comment_status":"closed","ping_status":"closed","template":"","meta":{"_acf_changed":false,"_improvement_type_select":"improve_an_existing","_thumb_yes_seoaic":false,"_frame_yes_seoaic":false,"seoaic_generate_description":"","seoaic_improve_instructions_prompt":"","seoaic_rollback_content_improvement":"","seoaic_idea_thumbnail_generator":"","thumbnail_generated":false,"thumbnail_generate_prompt":"","seoaic_article_description":"","inline_featured_image":false,"footnotes":""},"class_list":["post-703","page","type-page","status-publish","hentry"],"acf":[],"_links":{"self":[{"href":"https:\/\/consciousbusiness.com\/de\/wp-json\/wp\/v2\/pages\/703","targetHints":{"allow":["GET"]}}],"collection":[{"href":"https:\/\/consciousbusiness.com\/de\/wp-json\/wp\/v2\/pages"}],"about":[{"href":"https:\/\/consciousbusiness.com\/de\/wp-json\/wp\/v2\/types\/page"}],"author":[{"embeddable":true,"href":"https:\/\/consciousbusiness.com\/de\/wp-json\/wp\/v2\/users\/1"}],"replies":[{"embeddable":true,"href":"https:\/\/consciousbusiness.com\/de\/wp-json\/wp\/v2\/comments?post=703"}],"version-history":[{"count":6,"href":"https:\/\/consciousbusiness.com\/de\/wp-json\/wp\/v2\/pages\/703\/revisions"}],"predecessor-version":[{"id":1084,"href":"https:\/\/consciousbusiness.com\/de\/wp-json\/wp\/v2\/pages\/703\/revisions\/1084"}],"wp:attachment":[{"href":"https:\/\/consciousbusiness.com\/de\/wp-json\/wp\/v2\/media?parent=703"}],"curies":[{"name":"wp","href":"https:\/\/api.w.org\/{rel}","templated":true}]}}