{"id":708,"date":"2022-06-16T09:29:00","date_gmt":"2022-06-16T07:29:00","guid":{"rendered":"https:\/\/consciousbusiness.com\/diensten\/"},"modified":"2023-04-13T16:23:46","modified_gmt":"2023-04-13T14:23:46","slug":"angebote","status":"publish","type":"page","link":"https:\/\/consciousbusiness.com\/de\/angebote\/","title":{"rendered":"Angebote"},"content":{"rendered":"\n<div class=\"wp-block-columns is-layout-flex wp-container-core-columns-is-layout-9d6595d7 wp-block-columns-is-layout-flex\">\n<div class=\"wp-block-column is-layout-flow wp-block-column-is-layout-flow\" style=\"flex-basis:66.66%\">\n<h1 class=\"wp-block-heading\"><strong>M\u00f6gliche Schritte f\u00fcr Entwicklung<\/strong><\/h1>\n\n\n\n<p class=\"has-large-font-size\">Unser Ziel ist es, Unternehmen dabei zu unterst\u00fctzen, f\u00fcr alle ihre Stakeholder erfolgreich zu sein. Um dies bestm\u00f6glich zu f\u00f6rdern, verkn\u00fcpfen wir Unternehmen, d.h. ihre Mitarbeiter online und offline f\u00fcr Austausch und gemeinsames Lernen. <\/p>\n\n\n\n<p>Wir stellen wirkungsvolle Instrumente und das CB Modell bereit.<\/p>\n\n\n\n<p class=\"has-normal-font-size\">Unser Weiterbildungsangebot dient Ihnen und Ihren Mitarbeitern, sich zu internen <em>Change Agents <\/em>zu schulen und auf allen Ebenen eine bewusste F\u00fchrung zu etablieren.<\/p>\n\n\n\n<p>Unsere wissenschaftliche Forschung bringt neue Erkenntnisse aus der Anwendung dieses Business Modells.<\/p>\n<\/div>\n\n\n\n<div class=\"wp-block-column is-layout-flow wp-block-column-is-layout-flow\" style=\"flex-basis:33.33%\"><\/div>\n<\/div>\n\n\n\n<div style=\"height:0rem\" aria-hidden=\"true\" class=\"wp-block-spacer\"><\/div>\n\n\n\n<div class=\"wp-block-group alignfull has-grey-light-background-color has-background is-layout-flow wp-block-group-is-layout-flow\">\n<div class=\"wp-block-columns is-layout-flex wp-container-core-columns-is-layout-9d6595d7 wp-block-columns-is-layout-flex\">\n<div class=\"wp-block-column is-layout-flow wp-block-column-is-layout-flow\" style=\"flex-basis:100%\">\n<div class=\"wp-block-columns services-columns has-link-color wp-elements-4ab9dc340c9a2da073f32ae93f76640f is-layout-flex wp-container-core-columns-is-layout-9d6595d7 wp-block-columns-is-layout-flex\">\n<div class=\"wp-block-column is-layout-flow wp-block-column-is-layout-flow\" style=\"flex-basis:25%\">\n<div class=\"wp-block-columns keep-inline is-layout-flex wp-container-core-columns-is-layout-9d6595d7 wp-block-columns-is-layout-flex\">\n<div class=\"wp-block-column is-vertically-aligned-center is-layout-flow wp-block-column-is-layout-flow\" style=\"flex-basis:55%\">\n<h3 class=\"wp-block-heading has-text-align-left\">CB Scan<\/h3>\n<\/div>\n\n\n\n<div class=\"wp-block-column is-layout-flow wp-block-column-is-layout-flow\">\n<figure class=\"wp-block-image aligncenter size-large is-resized\"><img decoding=\"async\" src=\"https:\/\/consciousbusiness.com\/wp-content\/uploads\/2022\/07\/scan.svg\" alt=\"\" class=\"wp-image-381\" width=\"71\" height=\"64\"\/><\/figure>\n<\/div>\n<\/div>\n\n\n\n<p>Entdecken Sie in 15 Minuten, wie bewusst Ihr Unternehmen ist.<\/p>\n\n\n\n<div class=\"wp-block-buttons is-layout-flex wp-block-buttons-is-layout-flex\">\n<div class=\"wp-block-button has-custom-font-size is-style-outline has-normal-font-size is-style-outline--1\"><a class=\"wp-block-button__link has-blue-color has-text-color wp-element-button\" href=\"#cb-scan\">Weiterlesen<\/a><\/div>\n<\/div>\n<\/div>\n\n\n\n<div class=\"wp-block-column is-layout-flow wp-block-column-is-layout-flow\" style=\"flex-basis:25%\">\n<div class=\"wp-block-columns keep-inline is-layout-flex wp-container-core-columns-is-layout-9d6595d7 wp-block-columns-is-layout-flex\">\n<div class=\"wp-block-column is-vertically-aligned-center is-layout-flow wp-block-column-is-layout-flow\" style=\"flex-basis:55%\">\n<h3 class=\"wp-block-heading\">CB Lernen<\/h3>\n<\/div>\n\n\n\n<div class=\"wp-block-column is-vertically-aligned-top is-layout-flow wp-block-column-is-layout-flow\">\n<figure class=\"wp-block-image aligncenter size-large is-resized\"><img decoding=\"async\" src=\"https:\/\/consciousbusiness.com\/wp-content\/uploads\/2022\/07\/education.svg\" alt=\"\" class=\"wp-image-383\" width=\"71\" height=\"64\"\/><\/figure>\n<\/div>\n<\/div>\n\n\n\n<p>Nehmen Sie an verschiedenen Kursen teil und verstehen Sie das Gesch\u00e4ftsmodell.<\/p>\n\n\n\n<div class=\"wp-block-buttons is-layout-flex wp-block-buttons-is-layout-flex\">\n<div class=\"wp-block-button has-custom-font-size is-style-outline has-normal-font-size is-style-outline--2\"><a class=\"wp-block-button__link has-blue-color has-text-color wp-element-button\" href=\"#educatie\">Weiterlesen<\/a><\/div>\n<\/div>\n<\/div>\n\n\n\n<div class=\"wp-block-column is-layout-flow wp-block-column-is-layout-flow\" style=\"flex-basis:25%\">\n<div class=\"wp-block-columns keep-inline is-layout-flex wp-container-core-columns-is-layout-9d6595d7 wp-block-columns-is-layout-flex\">\n<div class=\"wp-block-column is-vertically-aligned-center is-layout-flow wp-block-column-is-layout-flow\" style=\"flex-basis:55%\">\n<h3 class=\"wp-block-heading\">CB Tools<\/h3>\n<\/div>\n\n\n\n<div class=\"wp-block-column is-layout-flow wp-block-column-is-layout-flow\">\n<figure class=\"wp-block-image aligncenter size-large is-resized\"><img decoding=\"async\" src=\"https:\/\/consciousbusiness.com\/wp-content\/uploads\/2022\/07\/tools.svg\" alt=\"\" class=\"wp-image-384\" width=\"71\" height=\"64\"\/><\/figure>\n<\/div>\n<\/div>\n\n\n\n<p>Starten Sie direkt mit den Conscious Business Werkzeugen.<\/p>\n\n\n\n<div class=\"wp-block-buttons is-layout-flex wp-block-buttons-is-layout-flex\">\n<div class=\"wp-block-button has-custom-font-size is-style-outline has-normal-font-size is-style-outline--3\"><a class=\"wp-block-button__link has-blue-color has-text-color wp-element-button\" href=\"#tools\">Weiterlesen<\/a><\/div>\n<\/div>\n<\/div>\n\n\n\n<div class=\"wp-block-column is-layout-flow wp-block-column-is-layout-flow\" style=\"flex-basis:25%\">\n<div class=\"wp-block-columns keep-inline is-layout-flex wp-container-core-columns-is-layout-9d6595d7 wp-block-columns-is-layout-flex\">\n<div class=\"wp-block-column is-vertically-aligned-center is-layout-flow wp-block-column-is-layout-flow\" style=\"flex-basis:55%\">\n<h3 class=\"wp-block-heading\">CB Netzwerk<\/h3>\n<\/div>\n\n\n\n<div class=\"wp-block-column is-layout-flow wp-block-column-is-layout-flow\">\n<figure class=\"wp-block-image aligncenter size-large is-resized\"><img decoding=\"async\" src=\"https:\/\/consciousbusiness.com\/wp-content\/uploads\/2022\/07\/network.svg\" alt=\"\" class=\"wp-image-385\" width=\"71\" height=\"64\"\/><\/figure>\n<\/div>\n<\/div>\n\n\n\n<p>Werden Sie Teil der Bewegung und leisten Sie Ihren Beitrag f\u00fcr ein bewusstes Unternehmertum.<\/p>\n\n\n\n<div class=\"wp-block-buttons is-layout-flex wp-block-buttons-is-layout-flex\">\n<div class=\"wp-block-button has-custom-font-size is-style-outline has-normal-font-size is-style-outline--4\"><a class=\"wp-block-button__link has-blue-color has-text-color wp-element-button\" href=\"#netwerk\">Weiterlesen<\/a><\/div>\n<\/div>\n<\/div>\n<\/div>\n<\/div>\n<\/div>\n<\/div>\n\n\n\n<div style=\"height:48px\" aria-hidden=\"true\" class=\"wp-block-spacer\"><\/div>\n\n\n\n<div class=\"wp-block-columns is-layout-flex wp-container-core-columns-is-layout-9d6595d7 wp-block-columns-is-layout-flex\">\n<div class=\"wp-block-column is-layout-constrained wp-container-core-column-is-layout-cda85a58 wp-block-column-is-layout-constrained\" style=\"flex-basis:42rem\">\n<h2 class=\"wp-block-heading\" id=\"cb-scan\">CB Scan &#8211; Conscious Business Scan<\/h2>\n\n\n\n<p class=\"has-normal-font-size\">Der CB Scan zeigt auf, wo sich Ihre Organisation, innerhalb der vier S\u00e4ulen des ganzheitlichen Conscious Business Gesch\u00e4ftsmodells, befindet und wie die Beziehung zu Ihren verschiedenen Stakeholdern ist.<\/p>\n\n\n\n<p class=\"has-normal-font-size\">Die Ergebnisse sind in einem 12-seitigen Bericht enthalten, indem auch die Funktionsweise des Modells erl\u00e4utert wird.<\/p>\n\n\n\n<div class=\"wp-block-buttons is-layout-flex wp-block-buttons-is-layout-flex\">\n<div class=\"wp-block-button is-style-outline is-style-outline--5\"><a class=\"wp-block-button__link wp-element-button\" href=\"https:\/\/scan.consciousbusiness.com\/assessment\/\">Starten Sie den CB Scan<\/a><\/div>\n<\/div>\n\n\n\n<p class=\"has-normal-font-size\">Wenn Sie nun wissen, wo Ihr Unternehmen jetzt steht, sehen Sie auch, wo die gr\u00f6\u00dften Entwicklungsm\u00f6glichkeiten liegen und was die n\u00e4chsten Schritte sein k\u00f6nnen, um Ihr Unternehmen zur besten Version seiner selbst zu entwickeln.<\/p>\n<\/div>\n\n\n\n<div class=\"wp-block-column is-vertically-aligned-bottom is-layout-flow wp-block-column-is-layout-flow\" style=\"flex-basis:50%\">\n<figure class=\"wp-block-image alignright size-medium is-resized\"><img decoding=\"async\" src=\"https:\/\/consciousbusiness.com\/wp-content\/uploads\/2022\/07\/Index_impr-d9552ad8-1920w-300x203.webp\" alt=\"\" class=\"wp-image-474\" width=\"386\" height=\"261\" srcset=\"https:\/\/consciousbusiness.com\/wp-content\/uploads\/2022\/07\/Index_impr-d9552ad8-1920w-300x203.webp 300w, https:\/\/consciousbusiness.com\/wp-content\/uploads\/2022\/07\/Index_impr-d9552ad8-1920w-1024x692.webp 1024w, https:\/\/consciousbusiness.com\/wp-content\/uploads\/2022\/07\/Index_impr-d9552ad8-1920w-768x519.webp 768w, https:\/\/consciousbusiness.com\/wp-content\/uploads\/2022\/07\/Index_impr-d9552ad8-1920w-1536x1038.webp 1536w, https:\/\/consciousbusiness.com\/wp-content\/uploads\/2022\/07\/Index_impr-d9552ad8-1920w.webp 1920w\" sizes=\"(max-width: 386px) 100vw, 386px\" \/><\/figure>\n<\/div>\n<\/div>\n\n\n\n<div style=\"height:3rem\" aria-hidden=\"true\" class=\"wp-block-spacer\"><\/div>\n\n\n\n<div class=\"wp-block-group alignfull has-grey-light-background-color has-background is-layout-flow wp-block-group-is-layout-flow\">\n<div class=\"wp-block-group is-layout-flow wp-block-group-is-layout-flow\">\n<div class=\"wp-block-columns is-layout-flex wp-container-core-columns-is-layout-9d6595d7 wp-block-columns-is-layout-flex\">\n<div class=\"wp-block-column is-layout-flow wp-block-column-is-layout-flow\" style=\"flex-basis:100%\">\n<h2 class=\"wp-block-heading\" id=\"educatie\">CB Lernen &#8211; Weiterbildung &amp; Forschung<\/h2>\n\n\n\n<p class=\"has-normal-font-size\">In Zusammenarbeit mit unseren Partnern <a href=\"https:\/\/www.eur.nl\/ice?gclid=Cj0KCQjw0oyYBhDGARIsAMZEuMuAr8vv-51c2BCzlsJaF6mURQ5n-HFZOkvvR2oORc2Gi9YupFmaBmEaAjOdEALw_wcB\" target=\"_blank\" rel=\"noreferrer noopener\">Impact Center Erasmus (ICE)<\/a> und dem <a href=\"https:\/\/consciousbusinessinstitute.com\/\" target=\"_blank\" rel=\"noreferrer noopener\">Conscious Business Institute<\/a> organisieren wir Programme f\u00fcr Mitglieder der Conscious Business-Bewegung. Zu den Programmen geh\u00f6ren:<\/p>\n\n\n\n<ul class=\"wp-block-list\">\n<li>E-learning Programm Conscious Business Institute<\/li>\n\n\n\n<li>Executive Program Corporate Social Responsibility (ICE)<\/li>\n\n\n\n<li>Impact in One Day Workshop (ICE) \/ Wirkung in einem Tag Workshop<\/li>\n\n\n\n<li>Impact Strategie Programm (ICE)<\/li>\n\n\n\n<li>Workshops, Webinars und Seminare durch CBD<\/li>\n\n\n\n<li>Moderierte Austausch innerhalb des CBD Netzwerks (peer-to-peer)<\/li>\n\n\n\n<li>Coaching von Einzelpersonen und Teams<\/li>\n<\/ul>\n<\/div>\n<\/div>\n\n\n\n<p class=\"has-normal-font-size\">Mit unserem Partner <a href=\"https:\/\/www.eur.nl\/ice?gclid=Cj0KCQjw0oyYBhDGARIsAMZEuMuAr8vv-51c2BCzlsJaF6mURQ5n-HFZOkvvR2oORc2Gi9YupFmaBmEaAjOdEALw_wcB\" target=\"_blank\" rel=\"noreferrer noopener\">Impact Center Erasmus (ICE)<\/a> erforschen wir die Wirkung verschiedener Interventionen innerhalb des ganzheitlichen Betriebswirtschaftlichen Modells von Conscious Business. Es wird untersucht, in welchem \u200b\u200bZusammenhang die verschiedenen Interventionen stehen und wie sie weiter optimiert werden k\u00f6nnen.<\/p>\n\n\n\n<p class=\"has-normal-font-size\">Mitglieder k\u00f6nnen an den Umfragen teilnehmen. Dies hilft ihnen, sich zu einem bewussteren Unternehmen zu entwickeln und eine Schablone zu erstellen, mit der sich vernetzte Unternehmen schneller entwickeln k\u00f6nnen. Durch das Sammeln von mehr Wissen tragen die Teilnehmer auch aktiv dazu bei, den \u00dcbergang zu einer bewussteren Unternehmenswirtschaft zu beschleunigen.<\/p>\n<\/div>\n<\/div>\n\n\n\n<div style=\"height:3rem\" aria-hidden=\"true\" class=\"wp-block-spacer\"><\/div>\n\n\n\n<div class=\"wp-block-columns is-layout-flex wp-container-core-columns-is-layout-9d6595d7 wp-block-columns-is-layout-flex\">\n<div class=\"wp-block-column is-layout-flow wp-block-column-is-layout-flow\" style=\"flex-basis:42rem\">\n<h2 class=\"wp-block-heading\" id=\"tools\">CB Tools &#8211; Werkzeuge und Instrumente<\/h2>\n\n\n\n<p class=\"has-normal-font-size\">Als Conscious Business haben wir Werkzeuge entwickelt, die Mitglieder nutzen k\u00f6nnen. Mitglieder teilen auch Werkzeuge, die sie selbst entwickelt haben. Schlie\u00dflich sind wir eine Bewegung mit einem gemeinsamen Ziel. Die Werkzeuge sind in der Lernumgebung verf\u00fcgbar.<\/p>\n\n\n\n<p>Unter anderem beziehen sich die Instrumente auf:<\/p>\n\n\n\n<ul class=\"wp-block-list\">\n<li>Schritt-f\u00fcr-Schritt-Plan, um ein h\u00f6heres Ziel zu erreichen<\/li>\n\n\n\n<li>Einen h\u00f6heren Zweck effektiv in Gang bringen<\/li>\n\n\n\n<li>Kultur veranschaulichen &amp; messen<\/li>\n\n\n\n<li>Gegenseitiges Vertrauen aufbauen<\/li>\n\n\n\n<li>Bewusstes Vertr\u00e4ge abschlie\u00dfen<\/li>\n\n\n\n<li>Stakeholder-Mapping<\/li>\n<\/ul>\n\n\n\n<p>Sie helfen der Bewegung, indem Sie Ihre Aktivit\u00e4ten mit anderen teilen. Welche Instrumente bringen Sie ein, die Ihre Organisation weitergebracht haben?<\/p>\n\n\n\n<p class=\"has-normal-font-size\">Durch Forschung, Beitr\u00e4ge der Mitglieder und die eigene Entwicklung w\u00e4chst der Bestand an Instrumenten stetig.<\/p>\n<\/div>\n\n\n\n<div class=\"wp-block-column is-vertically-aligned-bottom is-layout-flow wp-block-column-is-layout-flow\" style=\"flex-basis:50%\">\n<figure class=\"wp-block-image alignright size-medium is-resized\"><img decoding=\"async\" src=\"https:\/\/consciousbusiness.com\/wp-content\/uploads\/2022\/07\/Activator_impr-1920w-300x189.png\" alt=\"\" class=\"wp-image-479\" width=\"373\" height=\"235\" srcset=\"https:\/\/consciousbusiness.com\/wp-content\/uploads\/2022\/07\/Activator_impr-1920w-300x189.png 300w, https:\/\/consciousbusiness.com\/wp-content\/uploads\/2022\/07\/Activator_impr-1920w-1024x645.png 1024w, https:\/\/consciousbusiness.com\/wp-content\/uploads\/2022\/07\/Activator_impr-1920w-768x484.png 768w, https:\/\/consciousbusiness.com\/wp-content\/uploads\/2022\/07\/Activator_impr-1920w.png 1481w\" sizes=\"(max-width: 373px) 100vw, 373px\" \/><\/figure>\n<\/div>\n<\/div>\n\n\n\n<div style=\"height:3rem\" aria-hidden=\"true\" class=\"wp-block-spacer\"><\/div>\n\n\n\n<div class=\"wp-block-group alignfull has-grey-light-background-color has-background is-layout-flow wp-block-group-is-layout-flow\">\n<div class=\"wp-block-group is-layout-flow wp-block-group-is-layout-flow\">\n<div class=\"wp-block-columns is-layout-flex wp-container-core-columns-is-layout-9d6595d7 wp-block-columns-is-layout-flex\">\n<div class=\"wp-block-column is-layout-flow wp-block-column-is-layout-flow\" style=\"flex-basis:100%\">\n<h2 class=\"wp-block-heading\" id=\"netwerk\">CB Netzwerk<\/h2>\n\n\n\n<p class=\"has-normal-font-size\">H\u00f6ren und sehen, wie andere Fortschritte machen, interessante F\u00e4lle, Gespr\u00e4che mit anderen CEOs \/ HR-Managern \/ CSOs \/ CFOs \/ usw., um sich gegenseitig zu inspirieren, bessere L\u00f6sungen zu finden, sich als F\u00fchrungskraft zu entwickeln.<\/p>\n<\/div>\n<\/div>\n\n\n\n<p class=\"has-normal-font-size\">Das ist die Essenz der Bewegung; Menschen aus verschiedenen Unternehmen, die sich gemeinsam auf ein h\u00f6heres Gesch\u00e4ftsniveau bringen.<\/p>\n\n\n\n<p class=\"has-normal-font-size\">Wir erm\u00f6glichen den Mitgliedern, sich zu finden; wir organisieren Round Tables und Meetings, Firmenbesuche mit einem klaren Thema. Das Ganze wir unterst\u00fctzt durch Techniken, die dazu verhelfen, sich gegenseitig tiefer zu verstehen, neue Erkenntnisse zu gewinnen und M\u00f6glichkeiten zu gestalten.<\/p>\n\n\n\n<p><\/p>\n\n\n\n<div class=\"wp-block-buttons is-content-justification-left is-layout-flex wp-container-core-buttons-is-layout-fdcfc74e wp-block-buttons-is-layout-flex\">\n<div class=\"wp-block-button\"><a class=\"wp-block-button__link wp-element-button\" href=\"https:\/\/consciousbusiness.com\/de\/lidmaatschap\/\">Sehen Sie sich die Abonnements an<\/a><\/div>\n<\/div>\n<\/div>\n<\/div>\n\n\n\n<p><\/p>\n\n\n\n<div class=\"wp-block-group alignfull has-white-color has-red-background-color has-text-color has-background is-layout-flow wp-block-group-is-layout-flow\">\n<blockquote class=\"wp-block-quote has-x-large-font-size is-layout-flow wp-block-quote-is-layout-flow\" style=\"font-style:normal;font-weight:400\">\n<p>\u201eIn 20 Jahren werden die Leute zur\u00fcckblicken und sagen: Unglaublich, dass es eine Zeit gab, in der sich Unternehmen um kaum etwas anderes k\u00fcmmerten, als Geld zu verdienen!\u201c<\/p>\n<\/blockquote>\n<\/div>\n","protected":false},"excerpt":{"rendered":"<p>M\u00f6gliche Schritte f\u00fcr Entwicklung Unser Ziel ist es, Unternehmen dabei zu unterst\u00fctzen, f\u00fcr alle ihre Stakeholder erfolgreich zu sein. Um dies bestm\u00f6glich zu f\u00f6rdern, verkn\u00fcpfen wir Unternehmen, d.h. ihre Mitarbeiter online und offline f\u00fcr Austausch und gemeinsames Lernen. Wir stellen wirkungsvolle Instrumente und das CB Modell bereit. Unser Weiterbildungsangebot dient Ihnen und Ihren Mitarbeitern, sich<\/p>\n","protected":false},"author":1,"featured_media":0,"parent":0,"menu_order":0,"comment_status":"closed","ping_status":"closed","template":"","meta":{"_acf_changed":false,"_improvement_type_select":"improve_an_existing","_thumb_yes_seoaic":false,"_frame_yes_seoaic":false,"seoaic_generate_description":"","seoaic_improve_instructions_prompt":"","seoaic_rollback_content_improvement":"","seoaic_idea_thumbnail_generator":"","thumbnail_generated":false,"thumbnail_generate_prompt":"","seoaic_article_description":"","inline_featured_image":false,"footnotes":""},"class_list":["post-708","page","type-page","status-publish","hentry"],"acf":[],"_links":{"self":[{"href":"https:\/\/consciousbusiness.com\/de\/wp-json\/wp\/v2\/pages\/708","targetHints":{"allow":["GET"]}}],"collection":[{"href":"https:\/\/consciousbusiness.com\/de\/wp-json\/wp\/v2\/pages"}],"about":[{"href":"https:\/\/consciousbusiness.com\/de\/wp-json\/wp\/v2\/types\/page"}],"author":[{"embeddable":true,"href":"https:\/\/consciousbusiness.com\/de\/wp-json\/wp\/v2\/users\/1"}],"replies":[{"embeddable":true,"href":"https:\/\/consciousbusiness.com\/de\/wp-json\/wp\/v2\/comments?post=708"}],"version-history":[{"count":12,"href":"https:\/\/consciousbusiness.com\/de\/wp-json\/wp\/v2\/pages\/708\/revisions"}],"predecessor-version":[{"id":1071,"href":"https:\/\/consciousbusiness.com\/de\/wp-json\/wp\/v2\/pages\/708\/revisions\/1071"}],"wp:attachment":[{"href":"https:\/\/consciousbusiness.com\/de\/wp-json\/wp\/v2\/media?parent=708"}],"curies":[{"name":"wp","href":"https:\/\/api.w.org\/{rel}","templated":true}]}}