{"id":711,"date":"2022-06-08T14:50:21","date_gmt":"2022-06-08T12:50:21","guid":{"rendered":"https:\/\/consciousbusiness.com\/homepage\/"},"modified":"2023-04-13T16:23:00","modified_gmt":"2023-04-13T14:23:00","slug":"homepage","status":"publish","type":"page","link":"https:\/\/consciousbusiness.com\/de\/","title":{"rendered":"Home"},"content":{"rendered":"\n<div class=\"wp-block-columns is-layout-flex wp-container-core-columns-is-layout-9d6595d7 wp-block-columns-is-layout-flex\">\n<div class=\"wp-block-column is-layout-flow wp-block-column-is-layout-flow\" style=\"flex-basis:66.66%\">\n<p class=\"has-blue-color has-text-color has-large-font-size\">Folgt Dein Unternehmen bereits diesem &#8218;Rezept&#8216;? <br>Erfahre hier, wie bewusst Dein Unternehmen ist.<br><\/p>\n\n\n\n<div class=\"wp-block-buttons is-layout-flex wp-block-buttons-is-layout-flex\">\n<div class=\"wp-block-button\"><a class=\"wp-block-button__link has-blue-background-color has-background wp-element-button\" href=\"https:\/\/scan.consciousbusiness.com\/assessment\/\">Mache den CB Scan<\/a><\/div>\n<\/div>\n<\/div>\n\n\n\n<div class=\"wp-block-column is-layout-flow wp-block-column-is-layout-flow\" style=\"flex-basis:33.33%\"><\/div>\n<\/div>\n\n\n\n<div style=\"height:3rem\" aria-hidden=\"true\" class=\"wp-block-spacer hidden-mobile\"><\/div>\n\n\n\n<div class=\"wp-block-columns is-layout-flex wp-container-core-columns-is-layout-9d6595d7 wp-block-columns-is-layout-flex\">\n<div class=\"wp-block-column is-layout-flow wp-block-column-is-layout-flow\">\n<p class=\"has-large-font-size\"><strong>Conscious Business vernetzt gleichgesinnte Unternehmen und unterst\u00fctzt sie, die Entwicklung hin zu einem ganzheitlich agierenden Unternehmen zu beschleunigen.<\/strong><\/p>\n\n\n\n<p>Nichts motiviert mehr, als von anderen UnternehmerInnen und F\u00fchrungskr\u00e4ften zu h\u00f6ren, wie sie den Wandel vollziehen, wie sie Herausforderungen begegnen und Win-Win-Win-L\u00f6sungen gestalten.<\/p>\n\n\n\n<p>Conscious Business (CB) ist vielf\u00e4ltig:<\/p>\n\n\n\n<ul class=\"wp-block-list\">\n<li>Conscious Business als <strong>internationale Bewegung<\/strong>.<\/li>\n\n\n\n<li>Conscious Business als <strong>Netzwerk<\/strong> bewusst agierender Menschen.<\/li>\n\n\n\n<li><em>Conscious Business<\/em> als erfolgreiches, zukunftsf\u00e4higes <strong>Gesch\u00e4ftsmodell<\/strong>.<\/li>\n<\/ul>\n\n\n\n<p><br>Sei dabei, mache den ersten Schritt:<\/p>\n<\/div>\n\n\n\n<div class=\"wp-block-column is-layout-flow wp-block-column-is-layout-flow\" style=\"flex-basis:45%\">\n<figure class=\"wp-block-embed is-type-video is-provider-youtube wp-block-embed-youtube wp-embed-aspect-16-9 wp-has-aspect-ratio\"><div class=\"wp-block-embed__wrapper\">\n<iframe title=\"Conscious Business - a graphic story\" width=\"970\" height=\"546\" src=\"https:\/\/www.youtube.com\/embed\/KMbNVa-w2UM?feature=oembed\" frameborder=\"0\" allow=\"accelerometer; autoplay; clipboard-write; encrypted-media; gyroscope; picture-in-picture\" allowfullscreen><\/iframe>\n<\/div><\/figure>\n<\/div>\n<\/div>\n\n\n\n<div style=\"height:0rem\" aria-hidden=\"true\" class=\"wp-block-spacer\"><\/div>\n\n\n\n<div class=\"wp-block-group alignfull has-grey-light-background-color has-background is-layout-flow wp-block-group-is-layout-flow\">\n<div class=\"wp-block-columns services-columns has-link-color wp-elements-6061c87247724d316bb478e3638446f5 is-layout-flex wp-container-core-columns-is-layout-9d6595d7 wp-block-columns-is-layout-flex\">\n<div class=\"wp-block-column is-layout-flow wp-block-column-is-layout-flow\" style=\"flex-basis:25%\">\n<div class=\"wp-block-columns keep-inline is-layout-flex wp-container-core-columns-is-layout-9d6595d7 wp-block-columns-is-layout-flex\">\n<div class=\"wp-block-column is-vertically-aligned-center is-layout-flow wp-block-column-is-layout-flow\" style=\"flex-basis:55%\">\n<h3 class=\"wp-block-heading has-text-align-left\">CB Scan<\/h3>\n<\/div>\n\n\n\n<div class=\"wp-block-column is-layout-flow wp-block-column-is-layout-flow\">\n<figure class=\"wp-block-image aligncenter size-large is-resized\"><img decoding=\"async\" src=\"https:\/\/consciousbusiness.com\/wp-content\/uploads\/2022\/07\/scan.svg\" alt=\"\" class=\"wp-image-381\" width=\"71\" height=\"64\"\/><\/figure>\n<\/div>\n<\/div>\n\n\n\n<p>Entdecken Sie in 15 Minuten, wie bewusst Ihr Unternehmen ist.<\/p>\n\n\n\n<div class=\"wp-block-buttons is-layout-flex wp-block-buttons-is-layout-flex\">\n<div class=\"wp-block-button has-custom-font-size is-style-outline has-normal-font-size is-style-outline--1\"><a class=\"wp-block-button__link has-blue-color has-text-color wp-element-button\" href=\"https:\/\/consciousbusiness.com\/de\/angebote\/#cb-scan\">Weiterlesen<\/a><\/div>\n<\/div>\n<\/div>\n\n\n\n<div class=\"wp-block-column is-layout-flow wp-block-column-is-layout-flow\" style=\"flex-basis:25%\">\n<div class=\"wp-block-columns keep-inline is-layout-flex wp-container-core-columns-is-layout-9d6595d7 wp-block-columns-is-layout-flex\">\n<div class=\"wp-block-column is-vertically-aligned-center is-layout-flow wp-block-column-is-layout-flow\" style=\"flex-basis:55%\">\n<h3 class=\"wp-block-heading\">CB Lernen<\/h3>\n<\/div>\n\n\n\n<div class=\"wp-block-column is-vertically-aligned-top is-layout-flow wp-block-column-is-layout-flow\">\n<figure class=\"wp-block-image aligncenter size-large is-resized\"><img decoding=\"async\" src=\"https:\/\/consciousbusiness.com\/wp-content\/uploads\/2022\/07\/education.svg\" alt=\"\" class=\"wp-image-383\" width=\"71\" height=\"64\"\/><\/figure>\n<\/div>\n<\/div>\n\n\n\n<p>Nehmen Sie an verschiedenen Kursen teil und verstehen Sie das Gesch\u00e4ftsmodell.<\/p>\n\n\n\n<div class=\"wp-block-buttons is-layout-flex wp-block-buttons-is-layout-flex\">\n<div class=\"wp-block-button has-custom-font-size is-style-outline has-normal-font-size is-style-outline--2\"><a class=\"wp-block-button__link has-blue-color has-text-color wp-element-button\" href=\"https:\/\/consciousbusiness.com\/de\/angebote\/#educatie\">Weiterlesen<\/a><\/div>\n<\/div>\n<\/div>\n\n\n\n<div class=\"wp-block-column is-layout-flow wp-block-column-is-layout-flow\" style=\"flex-basis:25%\">\n<div class=\"wp-block-columns keep-inline is-layout-flex wp-container-core-columns-is-layout-9d6595d7 wp-block-columns-is-layout-flex\">\n<div class=\"wp-block-column is-vertically-aligned-center is-layout-flow wp-block-column-is-layout-flow\" style=\"flex-basis:55%\">\n<h3 class=\"wp-block-heading\">CB Tools<\/h3>\n<\/div>\n\n\n\n<div class=\"wp-block-column is-layout-flow wp-block-column-is-layout-flow\">\n<figure class=\"wp-block-image aligncenter size-large is-resized\"><img decoding=\"async\" src=\"https:\/\/consciousbusiness.com\/wp-content\/uploads\/2022\/07\/tools.svg\" alt=\"\" class=\"wp-image-384\" width=\"71\" height=\"64\"\/><\/figure>\n<\/div>\n<\/div>\n\n\n\n<p>Starten Sie direkt mit den Conscious Business Werkzeugen.<\/p>\n\n\n\n<div class=\"wp-block-buttons is-layout-flex wp-block-buttons-is-layout-flex\">\n<div class=\"wp-block-button has-custom-font-size is-style-outline has-normal-font-size is-style-outline--3\"><a class=\"wp-block-button__link has-blue-color has-text-color wp-element-button\" href=\"https:\/\/consciousbusiness.com\/de\/angebote\/#tools\">Weiterlesen<\/a><\/div>\n<\/div>\n<\/div>\n\n\n\n<div class=\"wp-block-column is-layout-flow wp-block-column-is-layout-flow\" style=\"flex-basis:25%\">\n<div class=\"wp-block-columns keep-inline is-layout-flex wp-container-core-columns-is-layout-9d6595d7 wp-block-columns-is-layout-flex\">\n<div class=\"wp-block-column is-vertically-aligned-center is-layout-flow wp-block-column-is-layout-flow\" style=\"flex-basis:55%\">\n<h3 class=\"wp-block-heading\">CB Netzwerk<\/h3>\n<\/div>\n\n\n\n<div class=\"wp-block-column is-layout-flow wp-block-column-is-layout-flow\">\n<figure class=\"wp-block-image aligncenter size-large is-resized\"><img decoding=\"async\" src=\"https:\/\/consciousbusiness.com\/wp-content\/uploads\/2022\/07\/network.svg\" alt=\"\" class=\"wp-image-385\" width=\"71\" height=\"64\"\/><\/figure>\n<\/div>\n<\/div>\n\n\n\n<p>Werden Sie Teil der Bewegung und leisten Sie Ihren Beitrag f\u00fcr ein bewusstes Unternehmertum.<\/p>\n\n\n\n<div class=\"wp-block-buttons is-layout-flex wp-block-buttons-is-layout-flex\">\n<div class=\"wp-block-button has-custom-font-size is-style-outline has-normal-font-size is-style-outline--4\"><a class=\"wp-block-button__link has-blue-color has-text-color wp-element-button\" href=\"https:\/\/consciousbusiness.com\/de\/angebote\/#netwerk\">Weiterlesen<\/a><\/div>\n<\/div>\n<\/div>\n<\/div>\n<\/div>\n\n\n\n<div style=\"height:2rem\" aria-hidden=\"true\" class=\"wp-block-spacer\"><\/div>\n\n\n\n<h2 class=\"wp-block-heading\"><strong><strong>Gemeinsam Wirtschaft sinnvoll gestalten.<\/strong><\/strong><\/h2>\n\n\n\n<p>Unternehmen k\u00f6nnen Gutes tun und gleichzeitig erfolgreich sein.<\/p>\n\n\n\n<p>Conscious Business (CB) f\u00f6rdert die Ver\u00e4nderung und Entwicklung in den Unternehmen, bei der nicht mehr Gewinn und Wachstum im Vordergrund stehen. UnternehmerInnen der CB Bewegung wissen, dass man dann erfolgreich ist, wenn es dem Umfeld gut geht. Bewusste F\u00fchrungskr\u00e4fte ber\u00fccksichtigen daher alle Stakeholder, die direkt oder indirekt mit ihrem Unternehmen verbunden sind.<\/p>\n\n\n\n<p>CB stellt ein ganzheitliches, betriebswirtschaftliches Modell vor. Anhand dieses Modells erkennen F\u00fchrungskr\u00e4fte, wo die Chancen liegen, sich als bewusstes Unternehmen weiterzuentwickeln und welche Teile der Organisation noch daran gehindert werden, erfolgreicher, besser, zukunftsf\u00e4hig zu werden.<\/p>\n\n\n\n<p>Die Praxis zeigt, dass bei konsequenter Anwendung dieses Modells nicht nur Aktion\u00e4re und Investoren profitieren, sondern alle Stakeholder. Wenn eine Win-Win-L\u00f6sung mit einem Stakeholder gefunden wird, stellt sich oft ein dritter, unerwarteter und wichtiger Gewinn heraus: Win-Win-Win. \u201eWer Gutes tut, dem wiederf\u00e4hrt Gutes\u201c scheint eine der Gesetzm\u00e4\u00dfigkeiten dieses ganzheitlichen Ansatzes zu sein. Alle Aspekte, die f\u00fcr eine bewusste, erfolgreiche Organisation notwendig sind, finden sich in diesem leicht verst\u00e4ndlichen Modell wieder.<\/p>\n\n\n\n<div style=\"height:1rem\" aria-hidden=\"true\" class=\"wp-block-spacer\"><\/div>\n\n\n\n<div class=\"wp-block-buttons is-layout-flex wp-block-buttons-is-layout-flex\">\n<div class=\"wp-block-button\"><a class=\"wp-block-button__link wp-element-button\" href=\"https:\/\/consciousbusiness.com\/de\/over-ons\/\">Lese hier mehr zu unserem Higher Purpose<\/a><\/div>\n<\/div>\n\n\n\n<div style=\"height:3rem\" aria-hidden=\"true\" class=\"wp-block-spacer\"><\/div>\n\n\n\n<h2 class=\"wp-block-heading has-green-color has-text-color\">Was bewusste Unternehmen auszeichnet<\/h2>\n\n\n\n<div class=\"wp-block-group alignfull is-style-diagonal-edge-green has-grey-light-background-color has-background is-layout-flow wp-block-group-is-layout-flow\">\n<div class=\"wp-block-columns is-layout-flex wp-container-core-columns-is-layout-9d6595d7 wp-block-columns-is-layout-flex\">\n<div class=\"wp-block-column is-layout-flow wp-block-column-is-layout-flow\">\n<ul class=\"is-style-circle-prefix wp-block-list\">\n<li><strong>Stark, belastbar und zukunftssicher<\/strong><\/li>\n\n\n\n<li><strong>Hochengagierte Mitarbeiter<\/strong><\/li>\n\n\n\n<li><strong><strong>Vertrauen und Partnerschaft stehen im Mittelpunkt \u2013 intern wie extern<\/strong><\/strong><\/li>\n<\/ul>\n<\/div>\n\n\n\n<div class=\"wp-block-column is-layout-flow wp-block-column-is-layout-flow\">\n<ul class=\"is-style-circle-prefix wp-block-list\">\n<li><strong>Marken mit Sinn wachsen im Schnitt doppelt so schnell<\/strong><\/li>\n\n\n\n<li><strong>Zieht talentierte Mitarbeiter an und h\u00e4lt sie<\/strong><\/li>\n\n\n\n<li><strong><strong>Ein innovatives Arbeitsumfeld<\/strong><\/strong><\/li>\n<\/ul>\n<\/div>\n<\/div>\n<\/div>\n","protected":false},"excerpt":{"rendered":"<p>Folgt Dein Unternehmen bereits diesem &#8218;Rezept&#8216;? Erfahre hier, wie bewusst Dein Unternehmen ist. Conscious Business vernetzt gleichgesinnte Unternehmen und unterst\u00fctzt sie, die Entwicklung hin zu einem ganzheitlich agierenden Unternehmen zu beschleunigen. Nichts motiviert mehr, als von anderen UnternehmerInnen und F\u00fchrungskr\u00e4ften zu h\u00f6ren, wie sie den Wandel vollziehen, wie sie Herausforderungen begegnen und Win-Win-Win-L\u00f6sungen gestalten. Conscious<\/p>\n","protected":false},"author":1,"featured_media":0,"parent":0,"menu_order":0,"comment_status":"closed","ping_status":"closed","template":"","meta":{"_acf_changed":false,"_improvement_type_select":"improve_an_existing","_thumb_yes_seoaic":false,"_frame_yes_seoaic":false,"seoaic_generate_description":"","seoaic_improve_instructions_prompt":"","seoaic_rollback_content_improvement":"","seoaic_idea_thumbnail_generator":"","thumbnail_generated":false,"thumbnail_generate_prompt":"","seoaic_article_description":"","inline_featured_image":false,"footnotes":""},"class_list":["post-711","page","type-page","status-publish","hentry"],"acf":[],"_links":{"self":[{"href":"https:\/\/consciousbusiness.com\/de\/wp-json\/wp\/v2\/pages\/711","targetHints":{"allow":["GET"]}}],"collection":[{"href":"https:\/\/consciousbusiness.com\/de\/wp-json\/wp\/v2\/pages"}],"about":[{"href":"https:\/\/consciousbusiness.com\/de\/wp-json\/wp\/v2\/types\/page"}],"author":[{"embeddable":true,"href":"https:\/\/consciousbusiness.com\/de\/wp-json\/wp\/v2\/users\/1"}],"replies":[{"embeddable":true,"href":"https:\/\/consciousbusiness.com\/de\/wp-json\/wp\/v2\/comments?post=711"}],"version-history":[{"count":10,"href":"https:\/\/consciousbusiness.com\/de\/wp-json\/wp\/v2\/pages\/711\/revisions"}],"predecessor-version":[{"id":1069,"href":"https:\/\/consciousbusiness.com\/de\/wp-json\/wp\/v2\/pages\/711\/revisions\/1069"}],"wp:attachment":[{"href":"https:\/\/consciousbusiness.com\/de\/wp-json\/wp\/v2\/media?parent=711"}],"curies":[{"name":"wp","href":"https:\/\/api.w.org\/{rel}","templated":true}]}}