{"id":1343,"date":"2024-07-04T16:29:39","date_gmt":"2024-07-04T14:29:39","guid":{"rendered":"https:\/\/consciousbusiness.com\/?page_id=1343"},"modified":"2024-07-22T13:45:00","modified_gmt":"2024-07-22T11:45:00","slug":"conscious-business","status":"publish","type":"page","link":"https:\/\/consciousbusiness.com\/pt-pt\/conscious-business\/","title":{"rendered":"Conscious Business"},"content":{"rendered":"\n<div class=\"wp-block-columns is-layout-flex wp-container-core-columns-is-layout-9d6595d7 wp-block-columns-is-layout-flex\">\n<div class=\"wp-block-column is-layout-flow wp-block-column-is-layout-flow\" style=\"flex-basis:53.5%\">\n<p class=\"has-blue-color has-text-color has-large-font-size\">Todas as empresas t\u00eam aspectos conscientes. Descubra at\u00e9 que ponto a sua empresa \u00e9 consciente!<\/p>\n\n\n\n<div class=\"wp-block-buttons is-layout-flex wp-block-buttons-is-layout-flex\">\n<div class=\"wp-block-button\"><a class=\"wp-block-button__link has-blue-background-color has-background wp-element-button\" href=\"https:\/\/scan.consciousbusiness.com\/assessment\/\">Fazer o question\u00e1rio CB<\/a><\/div>\n<\/div>\n<\/div>\n\n\n\n<div class=\"wp-block-column is-layout-flow wp-block-column-is-layout-flow\" style=\"flex-basis:25%\">\n<p class=\"has-orange-color has-text-color has-link-color wp-elements-adff08417c5a5ff4ea3188b9ec6c9f09\" style=\"font-size:1.15rem\">Mantenha-se em contacto com a nossa newsletter mensal<\/p>\n\n\n\n<div class=\"wp-block-buttons is-layout-flex wp-block-buttons-is-layout-flex\">\n<div class=\"wp-block-button is-style-trigger-newsletter\"><a class=\"wp-block-button__link wp-element-button\">Subscrever<\/a><\/div>\n<\/div>\n<\/div>\n<\/div>\n\n\n\n<div style=\"height:3rem\" aria-hidden=\"true\" class=\"wp-block-spacer hidden-mobile\"><\/div>\n\n\n\n<div class=\"wp-block-columns is-layout-flex wp-container-core-columns-is-layout-9d6595d7 wp-block-columns-is-layout-flex\">\n<div class=\"wp-block-column is-layout-flow wp-block-column-is-layout-flow\">\n<p class=\"has-large-font-size\"><strong>A Conscious Business liga e apoia as empresas para alcan\u00e7ar e acelerar a transi\u00e7\u00e3o para uma atividade empresarial em que todas as partes interessadas prosperem.<\/strong><\/p>\n\n\n\n<p>A investiga\u00e7\u00e3o mostra que as empresas conscientes t\u00eam um desempenho superior. E nada funciona melhor do que ouvir de outros empres\u00e1rios e l\u00edderes como est\u00e3o a trabalhar na sua transi\u00e7\u00e3o, a resolver desafios e a encontrar solu\u00e7\u00f5es vantajosas para todos.<\/p>\n\n\n\n<p>O Conscious Business \u00e9 um movimento internacional. Apoiamos com a nossa <strong>Jornada Conscious Business<\/strong>:<\/p>\n<\/div>\n\n\n\n<div class=\"wp-block-column is-layout-flow wp-block-column-is-layout-flow\" style=\"flex-basis:45%\">\n<figure class=\"wp-block-embed is-type-video is-provider-youtube wp-block-embed-youtube wp-embed-aspect-16-9 wp-has-aspect-ratio\"><div class=\"wp-block-embed__wrapper\">\n<iframe title=\"Conscious Business - a graphic story\" width=\"970\" height=\"546\" src=\"https:\/\/www.youtube.com\/embed\/KMbNVa-w2UM?feature=oembed\" frameborder=\"0\" allow=\"accelerometer; autoplay; clipboard-write; encrypted-media; gyroscope; picture-in-picture; web-share\" referrerpolicy=\"strict-origin-when-cross-origin\" allowfullscreen><\/iframe>\n<\/div><\/figure>\n<\/div>\n<\/div>\n\n\n\n<div style=\"height:0rem\" aria-hidden=\"true\" class=\"wp-block-spacer\"><\/div>\n\n\n\n<div class=\"wp-block-group alignfull has-grey-light-background-color has-background is-layout-flow wp-block-group-is-layout-flow\">\n<div class=\"wp-block-columns services-columns has-link-color wp-elements-b53e4cb8a31adafe96dd1dc9b8a924a3 is-layout-flex wp-container-core-columns-is-layout-9d6595d7 wp-block-columns-is-layout-flex\">\n<div class=\"wp-block-column is-layout-flow wp-block-column-is-layout-flow\" style=\"flex-basis:25%\">\n<div class=\"wp-block-columns keep-inline is-layout-flex wp-container-core-columns-is-layout-9d6595d7 wp-block-columns-is-layout-flex\">\n<div class=\"wp-block-column is-vertically-aligned-center is-layout-flow wp-block-column-is-layout-flow\" style=\"flex-basis:55%\">\n<h3 class=\"wp-block-heading has-text-align-left\">CB Scan<\/h3>\n<\/div>\n\n\n\n<div class=\"wp-block-column is-layout-flow wp-block-column-is-layout-flow\">\n<figure class=\"wp-block-image aligncenter size-large is-resized\"><img decoding=\"async\" src=\"https:\/\/consciousbusiness.com\/wp-content\/uploads\/2022\/07\/scan.svg\" alt=\"\" class=\"wp-image-381\" style=\"width:71px;height:64px\" \/><\/figure>\n<\/div>\n<\/div>\n\n\n\n<p>Descubra em 15 minutos o grau de consci\u00eancia da sua empresa e conhe\u00e7a o modelo de desenvolvimento hol\u00edstico da CB.<\/p>\n\n\n\n<div class=\"wp-block-buttons is-layout-flex wp-block-buttons-is-layout-flex\">\n<div class=\"wp-block-button has-custom-font-size is-style-outline has-normal-font-size is-style-outline--1\"><a class=\"wp-block-button__link has-blue-color has-text-color wp-element-button\" href=\"https:\/\/consciousbusiness.com\/en\/cb-journey\/#cb-scan\">Ler Mais<\/a><\/div>\n<\/div>\n<\/div>\n\n\n\n<div class=\"wp-block-column is-layout-flow wp-block-column-is-layout-flow\" style=\"flex-basis:25%\">\n<div class=\"wp-block-columns keep-inline is-layout-flex wp-container-core-columns-is-layout-9d6595d7 wp-block-columns-is-layout-flex\">\n<div class=\"wp-block-column is-vertically-aligned-center is-layout-flow wp-block-column-is-layout-flow\" style=\"flex-basis:55%\">\n<h3 class=\"wp-block-heading\">CB Plan<\/h3>\n<\/div>\n\n\n\n<div class=\"wp-block-column is-vertically-aligned-top is-layout-flow wp-block-column-is-layout-flow\">\n<figure class=\"wp-block-image aligncenter size-large is-resized\"><img decoding=\"async\" src=\"https:\/\/consciousbusiness.com\/wp-content\/uploads\/2022\/07\/education.svg\" alt=\"\" class=\"wp-image-383\" style=\"width:71px;height:64px\" \/><\/figure>\n<\/div>\n<\/div>\n\n\n\n<p>O nosso whitepaper ou o CB Design sprint orienta-o na elabora\u00e7\u00e3o de um plano de transforma\u00e7\u00e3o da sua organiza\u00e7\u00e3o.<\/p>\n\n\n\n<div class=\"wp-block-buttons is-layout-flex wp-block-buttons-is-layout-flex\">\n<div class=\"wp-block-button has-custom-font-size is-style-outline has-normal-font-size is-style-outline--2\"><a class=\"wp-block-button__link has-blue-color has-text-color wp-element-button\" href=\"https:\/\/consciousbusiness.com\/en\/cb-journey#cb-plan\">Ler Mais<\/a><\/div>\n<\/div>\n<\/div>\n\n\n\n<div class=\"wp-block-column is-layout-flow wp-block-column-is-layout-flow\" style=\"flex-basis:25%\">\n<div class=\"wp-block-columns keep-inline is-layout-flex wp-container-core-columns-is-layout-9d6595d7 wp-block-columns-is-layout-flex\">\n<div class=\"wp-block-column is-vertically-aligned-center is-layout-flow wp-block-column-is-layout-flow\" style=\"flex-basis:55%\">\n<h3 class=\"wp-block-heading\">C\u00edrculos<\/h3>\n<\/div>\n\n\n\n<div class=\"wp-block-column is-layout-flow wp-block-column-is-layout-flow\">\n<figure class=\"wp-block-image aligncenter size-large is-resized\"><img decoding=\"async\" src=\"https:\/\/consciousbusiness.com\/wp-content\/uploads\/2022\/07\/tools.svg\" alt=\"\" class=\"wp-image-384\" style=\"width:71px;height:64px\" \/><\/figure>\n<\/div>\n<\/div>\n\n\n\n<p>Participar em c\u00edrculos de lideran\u00e7a para aprender com os pares, inspirar-se mutuamente e preparar o caminho a seguir.<\/p>\n\n\n\n<div class=\"wp-block-buttons is-layout-flex wp-block-buttons-is-layout-flex\">\n<div class=\"wp-block-button has-custom-font-size is-style-outline has-normal-font-size is-style-outline--3\"><a class=\"wp-block-button__link has-blue-color has-text-color wp-element-button\" href=\"https:\/\/consciousbusiness.com\/en\/cb-journey#cb-circles\">Ler Mais<\/a><\/div>\n<\/div>\n<\/div>\n\n\n\n<div class=\"wp-block-column is-layout-flow wp-block-column-is-layout-flow\" style=\"flex-basis:25%\">\n<div class=\"wp-block-columns keep-inline is-layout-flex wp-container-core-columns-is-layout-9d6595d7 wp-block-columns-is-layout-flex\">\n<div class=\"wp-block-column is-vertically-aligned-center is-layout-flow wp-block-column-is-layout-flow\" style=\"flex-basis:55%\">\n<h3 class=\"wp-block-heading\">Stake-holders<\/h3>\n<\/div>\n\n\n\n<div class=\"wp-block-column is-layout-flow wp-block-column-is-layout-flow\">\n<figure class=\"wp-block-image aligncenter size-large is-resized\"><img decoding=\"async\" src=\"https:\/\/consciousbusiness.com\/wp-content\/uploads\/2022\/07\/network.svg\" alt=\"\" class=\"wp-image-385\" style=\"width:71px;height:64px\" \/><\/figure>\n<\/div>\n<\/div>\n\n\n\n<p>A inclus\u00e3o das partes interessadas far\u00e1 com que avance como empresa, concretizando o seu Prop\u00f3sito Maior.<\/p>\n\n\n\n<div class=\"wp-block-buttons is-layout-flex wp-block-buttons-is-layout-flex\">\n<div class=\"wp-block-button has-custom-font-size is-style-outline has-normal-font-size is-style-outline--4\"><a class=\"wp-block-button__link has-blue-color has-text-color wp-element-button\" href=\"https:\/\/consciousbusiness.com\/en\/cb-journey#stakeholders\">Ler Mais<\/a><\/div>\n<\/div>\n<\/div>\n<\/div>\n<\/div>\n\n\n\n<div style=\"height:2rem\" aria-hidden=\"true\" class=\"wp-block-spacer\"><\/div>\n\n\n\n<h2 class=\"wp-block-heading\"><strong><strong>Construir um ambiente empresarial onde todos prosperem<\/strong><\/strong><\/h2>\n\n\n\n<p>As empresas podem fazer o bem e ser bem sucedidas ao mesmo tempo.<\/p>\n\n\n\n<p>A Conscious Business apoia o movimento de empresas que sabem que o lucro e o crescimento s\u00e3o um resultado e n\u00e3o uma estrat\u00e9gia. Que s\u00f3 se \u00e9 bem sucedido se o mundo \u00e0 nossa volta tamb\u00e9m estiver a ir bem. Por conseguinte, os l\u00edderes conscientes t\u00eam em conta todas as partes interessadas que est\u00e3o direta ou indiretamente ligadas \u00e0 sua empresa.<\/p>\n\n\n\n<p>A Conscious Business introduz um Modelo Econ\u00f3mico Hol\u00edstico de Neg\u00f3cio. Este modelo d\u00e1 aos l\u00edderes uma vis\u00e3o sobre as partes da organiza\u00e7\u00e3o que est\u00e3o a ser impedidas de se tornarem mais bem sucedidas. Ou melhor, onde se encontram as oportunidades para se desenvolver mais como uma empresa consciente e desbloquear energias adormecidas que puxam a sua empresa para um futuro de sucesso.<\/p>\n\n\n\n<p>A pr\u00e1tica tem demonstrado que, quando este modelo \u00e9 corretamente aplicado, n\u00e3o s\u00f3 os accionistas e os investidores beneficiam, mas tamb\u00e9m todas as partes interessadas. Quando se encontra uma solu\u00e7\u00e3o vantajosa para todas as partes interessadas, \u00e9 frequente haver uma terceira vit\u00f3ria inesperada e importante. &#8220;Aquele que faz o bem, recebe o bem&#8221; parece ser uma das leis desta abordagem hol\u00edstica que mapeia claramente todos os aspectos necess\u00e1rios para uma organiza\u00e7\u00e3o consciente e bem sucedida num \u00fanico modelo.<\/p>\n\n\n\n<div style=\"height:1rem\" aria-hidden=\"true\" class=\"wp-block-spacer\"><\/div>\n\n\n\n<h2 class=\"wp-block-heading has-green-color has-text-color\">Vantagens de uma empresa consciente:<\/h2>\n\n\n\n<div class=\"wp-block-group alignfull is-style-diagonal-edge-green has-grey-light-background-color has-background is-layout-flow wp-block-group-is-layout-flow\">\n<div class=\"wp-block-columns is-layout-flex wp-container-core-columns-is-layout-9d6595d7 wp-block-columns-is-layout-flex\">\n<div class=\"wp-block-column is-layout-flow wp-block-column-is-layout-flow\">\n<ul class=\"wp-block-list\">\n<li><strong>Tem muitos recursos e est\u00e1 preparada para o futuro<\/strong><\/li>\n\n\n\n<li><strong>Tem colaboradores empenhados<\/strong><\/li>\n\n\n\n<li><strong>Cria confian\u00e7a e parcerias a longo prazo, tanto a n\u00edvel interno como externo<\/strong><\/li>\n<\/ul>\n<\/div>\n\n\n\n<div class=\"wp-block-column is-layout-flow wp-block-column-is-layout-flow\">\n<ul class=\"wp-block-list\">\n<li><strong>As marcas com Prop\u00f3sito crescem duas vezes mais depressa<\/strong><\/li>\n\n\n\n<li><strong>Atrai talentos e sabe como os reter<\/strong><\/li>\n\n\n\n<li><strong>\u00c9 altamente inovadora<\/strong><\/li>\n<\/ul>\n<\/div>\n<\/div>\n<\/div>\n","protected":false},"excerpt":{"rendered":"<p>Todas as empresas t\u00eam aspectos conscientes. Descubra at\u00e9 que ponto a sua empresa \u00e9 consciente! Mantenha-se em contacto com a nossa newsletter mensal A Conscious Business liga e apoia as empresas para alcan\u00e7ar e acelerar a transi\u00e7\u00e3o para uma atividade empresarial em que todas as partes interessadas prosperem. A investiga\u00e7\u00e3o mostra que as empresas conscientes<\/p>\n","protected":false},"author":1054,"featured_media":0,"parent":0,"menu_order":0,"comment_status":"closed","ping_status":"closed","template":"","meta":{"_acf_changed":false,"_improvement_type_select":"improve_an_existing","_thumb_yes_seoaic":false,"_frame_yes_seoaic":false,"seoaic_generate_description":"","seoaic_improve_instructions_prompt":"","seoaic_rollback_content_improvement":"","seoaic_idea_thumbnail_generator":"","thumbnail_generated":false,"thumbnail_generate_prompt":"","seoaic_article_description":"","inline_featured_image":false,"footnotes":""},"class_list":["post-1343","page","type-page","status-publish","hentry"],"acf":[],"_links":{"self":[{"href":"https:\/\/consciousbusiness.com\/pt-pt\/wp-json\/wp\/v2\/pages\/1343","targetHints":{"allow":["GET"]}}],"collection":[{"href":"https:\/\/consciousbusiness.com\/pt-pt\/wp-json\/wp\/v2\/pages"}],"about":[{"href":"https:\/\/consciousbusiness.com\/pt-pt\/wp-json\/wp\/v2\/types\/page"}],"author":[{"embeddable":true,"href":"https:\/\/consciousbusiness.com\/pt-pt\/wp-json\/wp\/v2\/users\/1054"}],"replies":[{"embeddable":true,"href":"https:\/\/consciousbusiness.com\/pt-pt\/wp-json\/wp\/v2\/comments?post=1343"}],"version-history":[{"count":8,"href":"https:\/\/consciousbusiness.com\/pt-pt\/wp-json\/wp\/v2\/pages\/1343\/revisions"}],"predecessor-version":[{"id":1381,"href":"https:\/\/consciousbusiness.com\/pt-pt\/wp-json\/wp\/v2\/pages\/1343\/revisions\/1381"}],"wp:attachment":[{"href":"https:\/\/consciousbusiness.com\/pt-pt\/wp-json\/wp\/v2\/media?parent=1343"}],"curies":[{"name":"wp","href":"https:\/\/api.w.org\/{rel}","templated":true}]}}